{"id":733,"date":"2024-03-05T02:35:39","date_gmt":"2024-03-05T02:35:39","guid":{"rendered":"https:\/\/www.leotremblant.com\/contactez-nous\/"},"modified":"2025-02-28T16:31:00","modified_gmt":"2025-02-28T16:31:00","slug":"contactez-nous","status":"publish","type":"page","link":"https:\/\/www.leotremblant.com\/fr\/contactez-nous\/","title":{"rendered":"Contactez-nous"},"content":{"rendered":"\t\t<div data-elementor-type=\"wp-page\" data-elementor-id=\"733\" class=\"elementor elementor-733 elementor-98\" data-elementor-post-type=\"page\">\n\t\t\t\t<div class=\"elementor-element elementor-element-786e06b e-con-full e-flex e-con e-parent\" data-id=\"786e06b\" data-element_type=\"container\" data-settings=\"{&quot;background_background&quot;:&quot;classic&quot;}\">\n\t\t<div class=\"elementor-element elementor-element-4f0fde4 e-flex e-con-boxed e-con e-child\" data-id=\"4f0fde4\" data-element_type=\"container\">\n\t\t\t\t\t<div class=\"e-con-inner\">\n\t\t<div class=\"elementor-element elementor-element-2e2d2e0 e-flex e-con-boxed e-con e-child\" data-id=\"2e2d2e0\" data-element_type=\"container\" data-settings=\"{&quot;background_background&quot;:&quot;classic&quot;}\">\n\t\t\t\t\t<div class=\"e-con-inner\">\n\t\t<div class=\"elementor-element elementor-element-330b0bd e-flex e-con-boxed e-con e-child\" data-id=\"330b0bd\" data-element_type=\"container\" data-settings=\"{&quot;background_background&quot;:&quot;classic&quot;}\">\n\t\t\t\t\t<div class=\"e-con-inner\">\n\t\t<div class=\"elementor-element elementor-element-dd7d9c2 e-con-full e-flex e-con e-child\" data-id=\"dd7d9c2\" data-element_type=\"container\">\n\t\t<div class=\"elementor-element elementor-element-66783ef e-con-full e-flex e-con e-child\" data-id=\"66783ef\" data-element_type=\"container\">\n\t\t<div class=\"elementor-element elementor-element-398e72d e-con-full e-flex e-con e-child\" data-id=\"398e72d\" data-element_type=\"container\">\n\t\t<div class=\"elementor-element elementor-element-1f26d9a e-flex e-con-boxed e-con e-child\" data-id=\"1f26d9a\" data-element_type=\"container\">\n\t\t\t\t\t<div class=\"e-con-inner\">\n\t\t\t\t<div class=\"elementor-element elementor-element-a9f0e3e elementor-widget elementor-widget-heading\" data-id=\"a9f0e3e\" data-element_type=\"widget\" data-widget_type=\"heading.default\">\n\t\t\t\t<div class=\"elementor-widget-container\">\n\t\t\t\t\t<h1 class=\"elementor-heading-title elementor-size-default\">O\u00d9 NOUS TROUVER<\/h1>\t\t\t\t<\/div>\n\t\t\t\t<\/div>\n\t\t\t\t\t<\/div>\n\t\t\t\t<\/div>\n\t\t<div class=\"elementor-element elementor-element-9165516 e-flex e-con-boxed e-con e-child\" data-id=\"9165516\" data-element_type=\"container\">\n\t\t\t\t\t<div class=\"e-con-inner\">\n\t\t\t\t<div class=\"elementor-element elementor-element-40742d9 elementor-widget elementor-widget-heading\" data-id=\"40742d9\" data-element_type=\"widget\" data-widget_type=\"heading.default\">\n\t\t\t\t<div class=\"elementor-widget-container\">\n\t\t\t\t\t<span class=\"elementor-heading-title elementor-size-default\">ADRESSE ET T\u00c9L\u00c9PHONE<\/span>\t\t\t\t<\/div>\n\t\t\t\t<\/div>\n\t\t\t\t<div class=\"elementor-element elementor-element-9be68da elementor-widget__width-initial elementor-widget-tablet__width-initial elementor-widget elementor-widget-heading\" data-id=\"9be68da\" data-element_type=\"widget\" data-widget_type=\"heading.default\">\n\t\t\t\t<div class=\"elementor-widget-container\">\n\t\t\t\t\t<p class=\"elementor-heading-title elementor-size-default\">Le Westin Tremblant, 100 Chemin Kandahar,\nMont-Tremblant, Quebec<\/p>\t\t\t\t<\/div>\n\t\t\t\t<\/div>\n\t\t\t\t<div class=\"elementor-element elementor-element-ba3bafc elementor-widget elementor-widget-text-editor\" data-id=\"ba3bafc\" data-element_type=\"widget\" data-widget_type=\"text-editor.default\">\n\t\t\t\t<div class=\"elementor-widget-container\">\n\t\t\t\t\t\t\t\t\t<p>(819) 717-0099<\/p>\n\t\t\t\t\t\t\t\t<\/div>\n\t\t\t\t<\/div>\n\t\t\t\t\t<\/div>\n\t\t\t\t<\/div>\n\t\t<div class=\"elementor-element elementor-element-3027102 e-flex e-con-boxed e-con e-child\" data-id=\"3027102\" data-element_type=\"container\">\n\t\t\t\t\t<div class=\"e-con-inner\">\n\t\t\t\t<div class=\"elementor-element elementor-element-2b1b09c elementor-widget elementor-widget-template\" data-id=\"2b1b09c\" data-element_type=\"widget\" data-widget_type=\"template.default\">\n\t\t\t\t<div class=\"elementor-widget-container\">\n\t\t\t\t\t\t\t<div class=\"elementor-template\">\n\t\t\t\t\t<div data-elementor-type=\"section\" data-elementor-id=\"959\" class=\"elementor elementor-959\" data-elementor-post-type=\"elementor_library\">\n\t\t\t<div class=\"elementor-element elementor-element-10af93e e-flex e-con-boxed e-con e-parent\" data-id=\"10af93e\" data-element_type=\"container\">\n\t\t\t\t\t<div class=\"e-con-inner\">\n\t\t\t\t<div class=\"elementor-element elementor-element-e653345 elementor-widget elementor-widget-text-editor\" data-id=\"e653345\" data-element_type=\"widget\" data-widget_type=\"text-editor.default\">\n\t\t\t\t<div class=\"elementor-widget-container\">\n\t\t\t\t\t\t\t\t\t<p><strong>D\u00e9jeuner<br \/><\/strong>Lun\u2013Dim: 7h\u201311h<\/p><p><strong>Brunch<\/strong><br \/>Sam &amp; Dim : 11h\u201314h<\/p><p><strong>Souper<\/strong><br \/>Jeu : 17h\u201321h30<br \/>Ven, Sam &amp; Dim : 17h\u201322h<\/p><p><strong>Menu Service Aux Chambres<\/strong><br \/>Jeu : 17h\u201321h30<br \/>Ven, Sam &amp; Dim : 17h\u201322h<\/p>\t\t\t\t\t\t\t\t<\/div>\n\t\t\t\t<\/div>\n\t\t\t\t\t<\/div>\n\t\t\t\t<\/div>\n\t\t\t\t<\/div>\n\t\t\t\t<\/div>\n\t\t\t\t\t\t<\/div>\n\t\t\t\t<\/div>\n\t\t\t\t\t<\/div>\n\t\t\t\t<\/div>\n\t\t<div class=\"elementor-element elementor-element-6260c5b e-flex e-con-boxed e-con e-child\" data-id=\"6260c5b\" data-element_type=\"container\">\n\t\t\t\t\t<div class=\"e-con-inner\">\n\t\t\t\t<div class=\"elementor-element elementor-element-3ff0c88 elementor-widget elementor-widget-heading\" data-id=\"3ff0c88\" data-element_type=\"widget\" data-widget_type=\"heading.default\">\n\t\t\t\t<div class=\"elementor-widget-container\">\n\t\t\t\t\t<span class=\"elementor-heading-title elementor-size-default\">STATIONNEMENT<\/span>\t\t\t\t<\/div>\n\t\t\t\t<\/div>\n\t\t\t\t<div class=\"elementor-element elementor-element-862a27b elementor-widget__width-initial elementor-widget elementor-widget-text-editor\" data-id=\"862a27b\" data-element_type=\"widget\" data-widget_type=\"text-editor.default\">\n\t\t\t\t<div class=\"elementor-widget-container\">\n\t\t\t\t\t\t\t\t\t<p>Un service voiturier gratuit est offert au Le Westin Tremblant pour les invit\u00e9s du L\u00e9o. Le stationnement public gratuit est disponible dans le village, dans le stationnement P1. <a href=\"https:\/\/medias.tremblant.ca\/pdf\/cartes\/carte-village-pietonnier-tremblant.pdf?_gl=1*1t7frg1*_ga*MzQ4NTM1NTc0LjE3MTU2OTcyODI.*_ga_B1YVPN56M6*MTcxNTcxNTM4NC4yLjAuMTcxNTcxNTM4NC42MC4wLjA.\" target=\"_blank\" rel=\"noopener\">Voir la carte du village<\/a>.<\/p>\t\t\t\t\t\t\t\t<\/div>\n\t\t\t\t<\/div>\n\t\t\t\t\t<\/div>\n\t\t\t\t<\/div>\n\t\t<div class=\"elementor-element elementor-element-0f81d56 e-flex e-con-boxed e-con e-child\" data-id=\"0f81d56\" data-element_type=\"container\">\n\t\t\t\t\t<div class=\"e-con-inner\">\n\t\t\t\t<div class=\"elementor-element elementor-element-a3b0178 elementor-widget elementor-widget-heading\" data-id=\"a3b0178\" data-element_type=\"widget\" data-widget_type=\"heading.default\">\n\t\t\t\t<div class=\"elementor-widget-container\">\n\t\t\t\t\t<span class=\"elementor-heading-title elementor-size-default\">EMPLACEMENT ET H\u00c9BERGEMENT<\/span>\t\t\t\t<\/div>\n\t\t\t\t<\/div>\n\t\t\t\t<div class=\"elementor-element elementor-element-ee3ae68 elementor-widget__width-initial elementor-widget elementor-widget-text-editor\" data-id=\"ee3ae68\" data-element_type=\"widget\" data-widget_type=\"text-editor.default\">\n\t\t\t\t<div class=\"elementor-widget-container\">\n\t\t\t\t\t\t\t\t\t<p>Nous sommes id\u00e9alement situ\u00e9s au <a href=\"https:\/\/www.marriott.com\/en-us\/hotels\/ymywi-le-westin-tremblant\/overview\/\" target=\"_blank\" rel=\"noopener\">Le Westin Tremblant<\/a>, un complexe h\u00f4telier et spa situ\u00e9 au c\u0153ur du centre de vill\u00e9giature de Mont-Tremblant. <a href=\"https:\/\/www.marriott.com\/en-us\/hotels\/ymywi-le-westin-tremblant\/overview\/\" target=\"_blank\" rel=\"noopener\">Apprenez-en plus et r\u00e9servez votre s\u00e9jour<\/a>.<\/p><p>Vous pouvez acc\u00e9der au L\u00e9o par la Promenade Deslauriers ou par l&rsquo;entr\u00e9e de l&rsquo;h\u00f4tel. En approchant de l&rsquo;h\u00f4tel, prenez l&rsquo;escalier \u00e0 droite jusqu&rsquo;au restaurant ou prenez l\u2019ascenseur de l\u2019h\u00f4tel jusqu\u2019au 1<sup>er <\/sup>\u00e9tage.<\/p>\t\t\t\t\t\t\t\t<\/div>\n\t\t\t\t<\/div>\n\t\t\t\t\t<\/div>\n\t\t\t\t<\/div>\n\t\t<div class=\"elementor-element elementor-element-1f29878 e-flex e-con-boxed e-con e-child\" data-id=\"1f29878\" data-element_type=\"container\">\n\t\t\t\t\t<div class=\"e-con-inner\">\n\t\t\t\t<div class=\"elementor-element elementor-element-90ee4e2 elementor-widget elementor-widget-heading\" data-id=\"90ee4e2\" data-element_type=\"widget\" data-widget_type=\"heading.default\">\n\t\t\t\t<div class=\"elementor-widget-container\">\n\t\t\t\t\t<span class=\"elementor-heading-title elementor-size-default\"><a href=\"#elementor-action%3Aaction%3Dpopup%3Aopen%26settings%3DeyJpZCI6ODk1LCJ0b2dnbGUiOmZhbHNlfQ%3D%3D\">ACCESSIBILIT\u00c9 <\/a><\/span>\t\t\t\t<\/div>\n\t\t\t\t<\/div>\n\t\t\t\t\t<\/div>\n\t\t\t\t<\/div>\n\t\t\t\t<div class=\"elementor-element elementor-element-6f00a7a elementor-widget__width-auto elementor-align-center elementor-widget elementor-widget-button\" data-id=\"6f00a7a\" data-element_type=\"widget\" id=\"acs-no-style\" data-widget_type=\"button.default\">\n\t\t\t\t<div class=\"elementor-widget-container\">\n\t\t\t\t\t\t\t\t\t<div class=\"elementor-button-wrapper\">\n\t\t\t\t\t<a class=\"elementor-button elementor-button-link elementor-size-sm\" href=\"#elementor-action%3Aaction%3Dpopup%3Aopen%26settings%3DeyJpZCI6NzYyLCJ0b2dnbGUiOmZhbHNlfQ%3D%3D\">\n\t\t\t\t\t\t<span class=\"elementor-button-content-wrapper\">\n\t\t\t\t\t\t\t\t\t<span class=\"elementor-button-text\">CONTACTEZ-NOUS<\/span>\n\t\t\t\t\t<\/span>\n\t\t\t\t\t<\/a>\n\t\t\t\t<\/div>\n\t\t\t\t\t\t\t\t<\/div>\n\t\t\t\t<\/div>\n\t\t\t\t<\/div>\n\t\t\t\t<\/div>\n\t\t<div class=\"elementor-element elementor-element-eeef5ba e-con-full e-flex e-con e-child\" data-id=\"eeef5ba\" data-element_type=\"container\" data-settings=\"{&quot;background_background&quot;:&quot;classic&quot;}\">\n\t\t<div class=\"elementor-element elementor-element-c570377 e-con-full e-flex e-con e-child\" data-id=\"c570377\" data-element_type=\"container\" data-settings=\"{&quot;background_background&quot;:&quot;classic&quot;}\">\n\t\t\t\t<\/div>\n\t\t\t\t<\/div>\n\t\t\t\t<\/div>\n\t\t\t\t\t<\/div>\n\t\t\t\t<\/div>\n\t\t\t\t\t<\/div>\n\t\t\t\t<\/div>\n\t\t\t\t\t<\/div>\n\t\t\t\t<\/div>\n\t\t\t\t<\/div>\n\t\t\t\t<\/div>\n\t\t","protected":false},"excerpt":{"rendered":"<p>O\u00d9 NOUS TROUVER ADRESSE ET T\u00c9L\u00c9PHONE Le Westin Tremblant, 100 Chemin Kandahar, Mont-Tremblant, Quebec (819) 717-0099 STATIONNEMENT Un service voiturier gratuit est offert au Le Westin Tremblant pour les invit\u00e9s du L\u00e9o. Le stationnement public gratuit est disponible dans le village, dans le stationnement P1. Voir la carte du village. EMPLACEMENT ET H\u00c9BERGEMENT Nous sommes [&hellip;]<\/p>\n","protected":false},"author":2,"featured_media":0,"parent":0,"menu_order":0,"comment_status":"closed","ping_status":"closed","template":"","meta":{"_acf_changed":false,"footnotes":""},"class_list":["post-733","page","type-page","status-publish","hentry"],"acf":[],"yoast_head":"<!-- This site is optimized with the Yoast SEO plugin v24.0 - https:\/\/yoast.com\/wordpress\/plugins\/seo\/ -->\n<title>Contactez-nous \u2014 Horaires, adresse et emplacement<\/title>\n<meta name=\"description\" content=\"Vous souhaitez nous contacter ? Appelez-nous ou envoyez-nous un message via notre formulaire de contact ou nos r\u00e9seaux sociaux.\" \/>\n<meta name=\"robots\" content=\"index, follow, max-snippet:-1, max-image-preview:large, max-video-preview:-1\" \/>\n<link rel=\"canonical\" href=\"https:\/\/www.leotremblant.com\/fr\/contactez-nous\/\" \/>\n<meta property=\"og:locale\" content=\"fr_FR\" \/>\n<meta property=\"og:type\" content=\"article\" \/>\n<meta property=\"og:title\" content=\"Contactez-nous \u2014 Horaires, adresse et emplacement\" \/>\n<meta property=\"og:description\" content=\"Vous souhaitez nous contacter ? Appelez-nous ou envoyez-nous un message via notre formulaire de contact ou nos r\u00e9seaux sociaux.\" \/>\n<meta property=\"og:url\" content=\"https:\/\/www.leotremblant.com\/fr\/contactez-nous\/\" \/>\n<meta property=\"og:site_name\" content=\"L\u00e9o\" \/>\n<meta property=\"article:modified_time\" content=\"2025-02-28T16:31:00+00:00\" \/>\n<meta name=\"twitter:card\" content=\"summary_large_image\" \/>\n<meta name=\"twitter:label1\" content=\"Dur\u00e9e de lecture estim\u00e9e\" \/>\n\t<meta name=\"twitter:data1\" content=\"1 minute\" \/>\n<script type=\"application\/ld+json\" class=\"yoast-schema-graph\">{\"@context\":\"https:\/\/schema.org\",\"@graph\":[{\"@type\":\"WebPage\",\"@id\":\"https:\/\/www.leotremblant.com\/fr\/contactez-nous\/\",\"url\":\"https:\/\/www.leotremblant.com\/fr\/contactez-nous\/\",\"name\":\"Contactez-nous \u2014 Horaires, adresse et emplacement\",\"isPartOf\":{\"@id\":\"https:\/\/www.leotremblant.com\/fr\/#website\"},\"datePublished\":\"2024-03-05T02:35:39+00:00\",\"dateModified\":\"2025-02-28T16:31:00+00:00\",\"description\":\"Vous souhaitez nous contacter ? Appelez-nous ou envoyez-nous un message via notre formulaire de contact ou nos r\u00e9seaux sociaux.\",\"breadcrumb\":{\"@id\":\"https:\/\/www.leotremblant.com\/fr\/contactez-nous\/#breadcrumb\"},\"inLanguage\":\"fr-FR\",\"potentialAction\":[{\"@type\":\"ReadAction\",\"target\":[\"https:\/\/www.leotremblant.com\/fr\/contactez-nous\/\"]}]},{\"@type\":\"BreadcrumbList\",\"@id\":\"https:\/\/www.leotremblant.com\/fr\/contactez-nous\/#breadcrumb\",\"itemListElement\":[{\"@type\":\"ListItem\",\"position\":1,\"name\":\"Home\",\"item\":\"https:\/\/www.leotremblant.com\/fr\/\"},{\"@type\":\"ListItem\",\"position\":2,\"name\":\"Contactez-nous\"}]},{\"@type\":\"WebSite\",\"@id\":\"https:\/\/www.leotremblant.com\/fr\/#website\",\"url\":\"https:\/\/www.leotremblant.com\/fr\/\",\"name\":\"L\u00e9o\",\"description\":\"\",\"publisher\":{\"@id\":\"https:\/\/www.leotremblant.com\/fr\/#organization\"},\"potentialAction\":[{\"@type\":\"SearchAction\",\"target\":{\"@type\":\"EntryPoint\",\"urlTemplate\":\"https:\/\/www.leotremblant.com\/fr\/?s={search_term_string}\"},\"query-input\":{\"@type\":\"PropertyValueSpecification\",\"valueRequired\":true,\"valueName\":\"search_term_string\"}}],\"inLanguage\":\"fr-FR\"},{\"@type\":\"Organization\",\"@id\":\"https:\/\/www.leotremblant.com\/fr\/#organization\",\"name\":\"L\u00e9o\",\"url\":\"https:\/\/www.leotremblant.com\/fr\/\",\"logo\":{\"@type\":\"ImageObject\",\"inLanguage\":\"fr-FR\",\"@id\":\"https:\/\/www.leotremblant.com\/fr\/#\/schema\/logo\/image\/\",\"url\":\"https:\/\/www.leotremblant.com\/wp-content\/uploads\/2023\/07\/Leo-Logo-Main.png\",\"contentUrl\":\"https:\/\/www.leotremblant.com\/wp-content\/uploads\/2023\/07\/Leo-Logo-Main.png\",\"width\":1080,\"height\":1037,\"caption\":\"L\u00e9o \"},\"image\":{\"@id\":\"https:\/\/www.leotremblant.com\/fr\/#\/schema\/logo\/image\/\"}}]}<\/script>\n<!-- \/ Yoast SEO plugin. -->","yoast_head_json":{"title":"Contactez-nous \u2014 Horaires, adresse et emplacement","description":"Vous souhaitez nous contacter ? Appelez-nous ou envoyez-nous un message via notre formulaire de contact ou nos r\u00e9seaux sociaux.","robots":{"index":"index","follow":"follow","max-snippet":"max-snippet:-1","max-image-preview":"max-image-preview:large","max-video-preview":"max-video-preview:-1"},"canonical":"https:\/\/www.leotremblant.com\/fr\/contactez-nous\/","og_locale":"fr_FR","og_type":"article","og_title":"Contactez-nous \u2014 Horaires, adresse et emplacement","og_description":"Vous souhaitez nous contacter ? Appelez-nous ou envoyez-nous un message via notre formulaire de contact ou nos r\u00e9seaux sociaux.","og_url":"https:\/\/www.leotremblant.com\/fr\/contactez-nous\/","og_site_name":"L\u00e9o","article_modified_time":"2025-02-28T16:31:00+00:00","twitter_card":"summary_large_image","twitter_misc":{"Dur\u00e9e de lecture estim\u00e9e":"1 minute"},"schema":{"@context":"https:\/\/schema.org","@graph":[{"@type":"WebPage","@id":"https:\/\/www.leotremblant.com\/fr\/contactez-nous\/","url":"https:\/\/www.leotremblant.com\/fr\/contactez-nous\/","name":"Contactez-nous \u2014 Horaires, adresse et emplacement","isPartOf":{"@id":"https:\/\/www.leotremblant.com\/fr\/#website"},"datePublished":"2024-03-05T02:35:39+00:00","dateModified":"2025-02-28T16:31:00+00:00","description":"Vous souhaitez nous contacter ? Appelez-nous ou envoyez-nous un message via notre formulaire de contact ou nos r\u00e9seaux sociaux.","breadcrumb":{"@id":"https:\/\/www.leotremblant.com\/fr\/contactez-nous\/#breadcrumb"},"inLanguage":"fr-FR","potentialAction":[{"@type":"ReadAction","target":["https:\/\/www.leotremblant.com\/fr\/contactez-nous\/"]}]},{"@type":"BreadcrumbList","@id":"https:\/\/www.leotremblant.com\/fr\/contactez-nous\/#breadcrumb","itemListElement":[{"@type":"ListItem","position":1,"name":"Home","item":"https:\/\/www.leotremblant.com\/fr\/"},{"@type":"ListItem","position":2,"name":"Contactez-nous"}]},{"@type":"WebSite","@id":"https:\/\/www.leotremblant.com\/fr\/#website","url":"https:\/\/www.leotremblant.com\/fr\/","name":"L\u00e9o","description":"","publisher":{"@id":"https:\/\/www.leotremblant.com\/fr\/#organization"},"potentialAction":[{"@type":"SearchAction","target":{"@type":"EntryPoint","urlTemplate":"https:\/\/www.leotremblant.com\/fr\/?s={search_term_string}"},"query-input":{"@type":"PropertyValueSpecification","valueRequired":true,"valueName":"search_term_string"}}],"inLanguage":"fr-FR"},{"@type":"Organization","@id":"https:\/\/www.leotremblant.com\/fr\/#organization","name":"L\u00e9o","url":"https:\/\/www.leotremblant.com\/fr\/","logo":{"@type":"ImageObject","inLanguage":"fr-FR","@id":"https:\/\/www.leotremblant.com\/fr\/#\/schema\/logo\/image\/","url":"https:\/\/www.leotremblant.com\/wp-content\/uploads\/2023\/07\/Leo-Logo-Main.png","contentUrl":"https:\/\/www.leotremblant.com\/wp-content\/uploads\/2023\/07\/Leo-Logo-Main.png","width":1080,"height":1037,"caption":"L\u00e9o "},"image":{"@id":"https:\/\/www.leotremblant.com\/fr\/#\/schema\/logo\/image\/"}}]}},"_links":{"self":[{"href":"https:\/\/www.leotremblant.com\/fr\/wp-json\/wp\/v2\/pages\/733","targetHints":{"allow":["GET"]}}],"collection":[{"href":"https:\/\/www.leotremblant.com\/fr\/wp-json\/wp\/v2\/pages"}],"about":[{"href":"https:\/\/www.leotremblant.com\/fr\/wp-json\/wp\/v2\/types\/page"}],"author":[{"embeddable":true,"href":"https:\/\/www.leotremblant.com\/fr\/wp-json\/wp\/v2\/users\/2"}],"replies":[{"embeddable":true,"href":"https:\/\/www.leotremblant.com\/fr\/wp-json\/wp\/v2\/comments?post=733"}],"version-history":[{"count":0,"href":"https:\/\/www.leotremblant.com\/fr\/wp-json\/wp\/v2\/pages\/733\/revisions"}],"wp:attachment":[{"href":"https:\/\/www.leotremblant.com\/fr\/wp-json\/wp\/v2\/media?parent=733"}],"curies":[{"name":"wp","href":"https:\/\/api.w.org\/{rel}","templated":true}]}}