{"id":736,"date":"2024-03-05T02:33:59","date_gmt":"2024-03-05T02:33:59","guid":{"rendered":"https:\/\/www.leotremblant.com\/cartes-cadeaux\/"},"modified":"2025-02-27T20:54:04","modified_gmt":"2025-02-27T20:54:04","slug":"cartes-cadeaux","status":"publish","type":"page","link":"https:\/\/www.leotremblant.com\/fr\/cartes-cadeaux\/","title":{"rendered":"Cartes cadeaux"},"content":{"rendered":"\t\t<div data-elementor-type=\"wp-page\" data-elementor-id=\"736\" class=\"elementor elementor-736 elementor-97\" data-elementor-post-type=\"page\">\n\t\t\t\t<div class=\"elementor-element elementor-element-4560951 e-con-full e-flex e-con e-parent\" data-id=\"4560951\" data-element_type=\"container\" data-settings=\"{&quot;background_background&quot;:&quot;classic&quot;}\">\n\t\t<div class=\"elementor-element elementor-element-9cdd008 e-flex e-con-boxed e-con e-child\" data-id=\"9cdd008\" data-element_type=\"container\">\n\t\t\t\t\t<div class=\"e-con-inner\">\n\t\t<div class=\"elementor-element elementor-element-ffaf584 e-con-full e-flex e-con e-child\" data-id=\"ffaf584\" data-element_type=\"container\" data-settings=\"{&quot;background_background&quot;:&quot;classic&quot;}\">\n\t\t<div class=\"elementor-element elementor-element-89bf4dd e-flex e-con-boxed e-con e-child\" data-id=\"89bf4dd\" data-element_type=\"container\" data-settings=\"{&quot;background_background&quot;:&quot;classic&quot;}\">\n\t\t\t\t\t<div class=\"e-con-inner\">\n\t\t<div class=\"elementor-element elementor-element-55596e4 e-flex e-con-boxed e-con e-child\" data-id=\"55596e4\" data-element_type=\"container\" data-settings=\"{&quot;background_background&quot;:&quot;classic&quot;}\">\n\t\t\t\t\t<div class=\"e-con-inner\">\n\t\t<div class=\"elementor-element elementor-element-589eb90 e-con-full e-flex e-con e-child\" data-id=\"589eb90\" data-element_type=\"container\">\n\t\t<div class=\"elementor-element elementor-element-3173dc7 e-con-full e-flex e-con e-child\" data-id=\"3173dc7\" data-element_type=\"container\">\n\t\t\t\t<div class=\"elementor-element elementor-element-99d3f1e elementor-widget__width-initial elementor-widget-mobile__width-inherit elementor-widget elementor-widget-heading\" data-id=\"99d3f1e\" data-element_type=\"widget\" data-widget_type=\"heading.default\">\n\t\t\t\t<div class=\"elementor-widget-container\">\n\t\t\t\t\t<h1 class=\"elementor-heading-title elementor-size-default\">ACHETER DES CARTES CADEAUX<\/h1>\t\t\t\t<\/div>\n\t\t\t\t<\/div>\n\t\t\t\t<div class=\"elementor-element elementor-element-99d7e85 elementor-widget__width-initial elementor-widget elementor-widget-text-editor\" data-id=\"99d7e85\" data-element_type=\"widget\" data-widget_type=\"text-editor.default\">\n\t\t\t\t<div class=\"elementor-widget-container\">\n\t\t\t\t\t\t\t\t\t<p>Offrez \u00e0 quelqu&rsquo;un une exp\u00e9rience gastronomique inspir\u00e9e avec les cartes-cadeaux L\u00e9o ! Vous pouvez envoyer instantan\u00e9ment votre carte-cadeau par e-mail avec un message personnel ou l&rsquo;imprimer et la livrer vous-m\u00eame. Pour l&rsquo;\u00e9changer, il vous suffit de pr\u00e9senter la carte-cadeau \u00e9lectronique apr\u00e8s le repas, soit en l&rsquo;imprimant, soit en l&rsquo;utilisant sur votre t\u00e9l\u00e9phone portable. Nos cartes-cadeaux n&rsquo;expirent jamais et peuvent \u00eatre \u00e9chang\u00e9es dans n&rsquo;importe quel restaurant Oliver &amp; Bonacini.<\/p>\n<p>Veuillez noter que les cartes-cadeaux ne peuvent pas \u00eatre utilis\u00e9es pour les commandes \u00e0 emporter en ligne. Un maximum de 300 $ peut \u00eatre appliqu\u00e9 \u00e0 des \u00e9v\u00e9nements priv\u00e9s. Merci de votre compr\u00e9hension !<\/p>\n<p>Rabais de masse : recevez 5 % de rabais sur les commandes de plus de 1000 $ et 10 % de rabais sur les commandes de plus de 5000 $.<\/p>\n<p>Les cartes-cadeaux traditionnelles et \u00e9lectroniques peuvent \u00eatre achet\u00e9es sur le site web <a href=\"https:\/\/www.oliverbonacini.com\/gift-cards\/\" target=\"_blank\" rel=\"noopener\">d&rsquo;Oliver &amp; Bonacini<\/a> .<\/p>\n\t\t\t\t\t\t\t\t<\/div>\n\t\t\t\t<\/div>\n\t\t\t\t<\/div>\n\t\t\t\t<\/div>\n\t\t\t\t\t<\/div>\n\t\t\t\t<\/div>\n\t\t\t\t\t<\/div>\n\t\t\t\t<\/div>\n\t\t\t\t<\/div>\n\t\t\t\t\t<\/div>\n\t\t\t\t<\/div>\n\t\t\t\t<\/div>\n\t\t<div class=\"elementor-element elementor-element-ba7a378 e-flex e-con-boxed e-con e-parent\" data-id=\"ba7a378\" data-element_type=\"container\">\n\t\t\t\t\t<div class=\"e-con-inner\">\n\t\t\t\t<div class=\"elementor-element elementor-element-219949b elementor-widget elementor-widget-html\" data-id=\"219949b\" data-element_type=\"widget\" data-widget_type=\"html.default\">\n\t\t\t\t<div class=\"elementor-widget-container\">\n\t\t\t\t\t<iframe src=\"https:\/\/www.buyatab.com\/gcp\/?id=6177#customize\" width=\"100%\" height=\"2000px\"><\/iframe>\t\t\t\t<\/div>\n\t\t\t\t<\/div>\n\t\t\t\t\t<\/div>\n\t\t\t\t<\/div>\n\t\t\t\t<\/div>\n\t\t","protected":false},"excerpt":{"rendered":"<p>ACHETER DES CARTES CADEAUX Offrez \u00e0 quelqu&rsquo;un une exp\u00e9rience gastronomique inspir\u00e9e avec les cartes-cadeaux L\u00e9o ! Vous pouvez envoyer instantan\u00e9ment votre carte-cadeau par e-mail avec un message personnel ou l&rsquo;imprimer et la livrer vous-m\u00eame. Pour l&rsquo;\u00e9changer, il vous suffit de pr\u00e9senter la carte-cadeau \u00e9lectronique apr\u00e8s le repas, soit en l&rsquo;imprimant, soit en l&rsquo;utilisant sur votre [&hellip;]<\/p>\n","protected":false},"author":2,"featured_media":0,"parent":0,"menu_order":0,"comment_status":"closed","ping_status":"closed","template":"","meta":{"_acf_changed":false,"footnotes":""},"class_list":["post-736","page","type-page","status-publish","hentry"],"acf":[],"yoast_head":"<!-- This site is optimized with the Yoast SEO plugin v24.0 - https:\/\/yoast.com\/wordpress\/plugins\/seo\/ -->\n<title>Cartes-cadeaux pour restaurants Mont Tremblant | L\u00e9o<\/title>\n<meta name=\"description\" content=\"Offrez une exp\u00e9rience culinaire inspir\u00e9e chez L\u00e9o. Achetez d\u00e8s aujourd&#039;hui une carte-cadeau \u00e9lectronique personnalisable \u00e0 livraison instantan\u00e9e.\" \/>\n<meta name=\"robots\" content=\"index, follow, max-snippet:-1, max-image-preview:large, max-video-preview:-1\" \/>\n<link rel=\"canonical\" href=\"https:\/\/www.leotremblant.com\/fr\/cartes-cadeaux\/\" \/>\n<meta property=\"og:locale\" content=\"fr_FR\" \/>\n<meta property=\"og:type\" content=\"article\" \/>\n<meta property=\"og:title\" content=\"Cartes-cadeaux pour restaurants Mont Tremblant | L\u00e9o\" \/>\n<meta property=\"og:description\" content=\"Offrez une exp\u00e9rience culinaire inspir\u00e9e chez L\u00e9o. Achetez d\u00e8s aujourd&#039;hui une carte-cadeau \u00e9lectronique personnalisable \u00e0 livraison instantan\u00e9e.\" \/>\n<meta property=\"og:url\" content=\"https:\/\/www.leotremblant.com\/fr\/cartes-cadeaux\/\" \/>\n<meta property=\"og:site_name\" content=\"L\u00e9o\" \/>\n<meta property=\"article:modified_time\" content=\"2025-02-27T20:54:04+00:00\" \/>\n<meta name=\"twitter:card\" content=\"summary_large_image\" \/>\n<meta name=\"twitter:label1\" content=\"Dur\u00e9e de lecture estim\u00e9e\" \/>\n\t<meta name=\"twitter:data1\" content=\"1 minute\" \/>\n<script type=\"application\/ld+json\" class=\"yoast-schema-graph\">{\"@context\":\"https:\/\/schema.org\",\"@graph\":[{\"@type\":\"WebPage\",\"@id\":\"https:\/\/www.leotremblant.com\/fr\/cartes-cadeaux\/\",\"url\":\"https:\/\/www.leotremblant.com\/fr\/cartes-cadeaux\/\",\"name\":\"Cartes-cadeaux pour restaurants Mont Tremblant | L\u00e9o\",\"isPartOf\":{\"@id\":\"https:\/\/www.leotremblant.com\/fr\/#website\"},\"datePublished\":\"2024-03-05T02:33:59+00:00\",\"dateModified\":\"2025-02-27T20:54:04+00:00\",\"description\":\"Offrez une exp\u00e9rience culinaire inspir\u00e9e chez L\u00e9o. Achetez d\u00e8s aujourd'hui une carte-cadeau \u00e9lectronique personnalisable \u00e0 livraison instantan\u00e9e.\",\"breadcrumb\":{\"@id\":\"https:\/\/www.leotremblant.com\/fr\/cartes-cadeaux\/#breadcrumb\"},\"inLanguage\":\"fr-FR\",\"potentialAction\":[{\"@type\":\"ReadAction\",\"target\":[\"https:\/\/www.leotremblant.com\/fr\/cartes-cadeaux\/\"]}]},{\"@type\":\"BreadcrumbList\",\"@id\":\"https:\/\/www.leotremblant.com\/fr\/cartes-cadeaux\/#breadcrumb\",\"itemListElement\":[{\"@type\":\"ListItem\",\"position\":1,\"name\":\"Home\",\"item\":\"https:\/\/www.leotremblant.com\/fr\/\"},{\"@type\":\"ListItem\",\"position\":2,\"name\":\"Cartes cadeaux\"}]},{\"@type\":\"WebSite\",\"@id\":\"https:\/\/www.leotremblant.com\/fr\/#website\",\"url\":\"https:\/\/www.leotremblant.com\/fr\/\",\"name\":\"L\u00e9o\",\"description\":\"\",\"publisher\":{\"@id\":\"https:\/\/www.leotremblant.com\/fr\/#organization\"},\"potentialAction\":[{\"@type\":\"SearchAction\",\"target\":{\"@type\":\"EntryPoint\",\"urlTemplate\":\"https:\/\/www.leotremblant.com\/fr\/?s={search_term_string}\"},\"query-input\":{\"@type\":\"PropertyValueSpecification\",\"valueRequired\":true,\"valueName\":\"search_term_string\"}}],\"inLanguage\":\"fr-FR\"},{\"@type\":\"Organization\",\"@id\":\"https:\/\/www.leotremblant.com\/fr\/#organization\",\"name\":\"L\u00e9o\",\"url\":\"https:\/\/www.leotremblant.com\/fr\/\",\"logo\":{\"@type\":\"ImageObject\",\"inLanguage\":\"fr-FR\",\"@id\":\"https:\/\/www.leotremblant.com\/fr\/#\/schema\/logo\/image\/\",\"url\":\"https:\/\/www.leotremblant.com\/wp-content\/uploads\/2023\/07\/Leo-Logo-Main.png\",\"contentUrl\":\"https:\/\/www.leotremblant.com\/wp-content\/uploads\/2023\/07\/Leo-Logo-Main.png\",\"width\":1080,\"height\":1037,\"caption\":\"L\u00e9o \"},\"image\":{\"@id\":\"https:\/\/www.leotremblant.com\/fr\/#\/schema\/logo\/image\/\"}}]}<\/script>\n<!-- \/ Yoast SEO plugin. -->","yoast_head_json":{"title":"Cartes-cadeaux pour restaurants Mont Tremblant | L\u00e9o","description":"Offrez une exp\u00e9rience culinaire inspir\u00e9e chez L\u00e9o. Achetez d\u00e8s aujourd'hui une carte-cadeau \u00e9lectronique personnalisable \u00e0 livraison instantan\u00e9e.","robots":{"index":"index","follow":"follow","max-snippet":"max-snippet:-1","max-image-preview":"max-image-preview:large","max-video-preview":"max-video-preview:-1"},"canonical":"https:\/\/www.leotremblant.com\/fr\/cartes-cadeaux\/","og_locale":"fr_FR","og_type":"article","og_title":"Cartes-cadeaux pour restaurants Mont Tremblant | L\u00e9o","og_description":"Offrez une exp\u00e9rience culinaire inspir\u00e9e chez L\u00e9o. Achetez d\u00e8s aujourd'hui une carte-cadeau \u00e9lectronique personnalisable \u00e0 livraison instantan\u00e9e.","og_url":"https:\/\/www.leotremblant.com\/fr\/cartes-cadeaux\/","og_site_name":"L\u00e9o","article_modified_time":"2025-02-27T20:54:04+00:00","twitter_card":"summary_large_image","twitter_misc":{"Dur\u00e9e de lecture estim\u00e9e":"1 minute"},"schema":{"@context":"https:\/\/schema.org","@graph":[{"@type":"WebPage","@id":"https:\/\/www.leotremblant.com\/fr\/cartes-cadeaux\/","url":"https:\/\/www.leotremblant.com\/fr\/cartes-cadeaux\/","name":"Cartes-cadeaux pour restaurants Mont Tremblant | L\u00e9o","isPartOf":{"@id":"https:\/\/www.leotremblant.com\/fr\/#website"},"datePublished":"2024-03-05T02:33:59+00:00","dateModified":"2025-02-27T20:54:04+00:00","description":"Offrez une exp\u00e9rience culinaire inspir\u00e9e chez L\u00e9o. Achetez d\u00e8s aujourd'hui une carte-cadeau \u00e9lectronique personnalisable \u00e0 livraison instantan\u00e9e.","breadcrumb":{"@id":"https:\/\/www.leotremblant.com\/fr\/cartes-cadeaux\/#breadcrumb"},"inLanguage":"fr-FR","potentialAction":[{"@type":"ReadAction","target":["https:\/\/www.leotremblant.com\/fr\/cartes-cadeaux\/"]}]},{"@type":"BreadcrumbList","@id":"https:\/\/www.leotremblant.com\/fr\/cartes-cadeaux\/#breadcrumb","itemListElement":[{"@type":"ListItem","position":1,"name":"Home","item":"https:\/\/www.leotremblant.com\/fr\/"},{"@type":"ListItem","position":2,"name":"Cartes cadeaux"}]},{"@type":"WebSite","@id":"https:\/\/www.leotremblant.com\/fr\/#website","url":"https:\/\/www.leotremblant.com\/fr\/","name":"L\u00e9o","description":"","publisher":{"@id":"https:\/\/www.leotremblant.com\/fr\/#organization"},"potentialAction":[{"@type":"SearchAction","target":{"@type":"EntryPoint","urlTemplate":"https:\/\/www.leotremblant.com\/fr\/?s={search_term_string}"},"query-input":{"@type":"PropertyValueSpecification","valueRequired":true,"valueName":"search_term_string"}}],"inLanguage":"fr-FR"},{"@type":"Organization","@id":"https:\/\/www.leotremblant.com\/fr\/#organization","name":"L\u00e9o","url":"https:\/\/www.leotremblant.com\/fr\/","logo":{"@type":"ImageObject","inLanguage":"fr-FR","@id":"https:\/\/www.leotremblant.com\/fr\/#\/schema\/logo\/image\/","url":"https:\/\/www.leotremblant.com\/wp-content\/uploads\/2023\/07\/Leo-Logo-Main.png","contentUrl":"https:\/\/www.leotremblant.com\/wp-content\/uploads\/2023\/07\/Leo-Logo-Main.png","width":1080,"height":1037,"caption":"L\u00e9o "},"image":{"@id":"https:\/\/www.leotremblant.com\/fr\/#\/schema\/logo\/image\/"}}]}},"_links":{"self":[{"href":"https:\/\/www.leotremblant.com\/fr\/wp-json\/wp\/v2\/pages\/736","targetHints":{"allow":["GET"]}}],"collection":[{"href":"https:\/\/www.leotremblant.com\/fr\/wp-json\/wp\/v2\/pages"}],"about":[{"href":"https:\/\/www.leotremblant.com\/fr\/wp-json\/wp\/v2\/types\/page"}],"author":[{"embeddable":true,"href":"https:\/\/www.leotremblant.com\/fr\/wp-json\/wp\/v2\/users\/2"}],"replies":[{"embeddable":true,"href":"https:\/\/www.leotremblant.com\/fr\/wp-json\/wp\/v2\/comments?post=736"}],"version-history":[{"count":0,"href":"https:\/\/www.leotremblant.com\/fr\/wp-json\/wp\/v2\/pages\/736\/revisions"}],"wp:attachment":[{"href":"https:\/\/www.leotremblant.com\/fr\/wp-json\/wp\/v2\/media?parent=736"}],"curies":[{"name":"wp","href":"https:\/\/api.w.org\/{rel}","templated":true}]}}